{"id":598,"date":"2025-01-02T15:11:49","date_gmt":"2025-01-02T13:11:49","guid":{"rendered":"https:\/\/kamionpura.hu\/?page_id=598"},"modified":"2025-01-02T15:29:50","modified_gmt":"2025-01-02T13:29:50","slug":"cookie-tajekoztato","status":"publish","type":"page","link":"https:\/\/kamionpura.hu\/sk\/cookie-tajekoztato\/","title":{"rendered":"Ozn\u00e1menie o s\u00faboroch cookie"},"content":{"rendered":"<div data-elementor-type=\"wp-page\" data-elementor-id=\"598\" class=\"elementor elementor-598\" data-elementor-post-type=\"page\">\n\t\t\t\t<div class=\"elementor-element elementor-element-dc84c46 e-flex e-con-boxed e-con e-parent\" data-id=\"dc84c46\" data-element_type=\"container\" data-settings=\"{&quot;jet_parallax_layout_list&quot;:[],&quot;background_background&quot;:&quot;classic&quot;}\">\n\t\t\t\t\t<div class=\"e-con-inner\">\n\t\t\t\t<div class=\"elementor-element elementor-element-cfd8985 elementor-widget elementor-widget-heading\" data-id=\"cfd8985\" data-element_type=\"widget\" data-widget_type=\"heading.default\">\n\t\t\t\t<div class=\"elementor-widget-container\">\n\t\t\t<h1 class=\"elementor-heading-title elementor-size-default\">Inform\u00e1cie o s\u00faboroch cookie<\/h1>\t\t<\/div>\n\t\t\t\t<\/div>\n\t\t\t\t\t<\/div>\n\t\t\t\t<\/div>\n\t\t<div class=\"elementor-element elementor-element-a0fc372 e-flex e-con-boxed e-con e-parent\" data-id=\"a0fc372\" data-element_type=\"container\" data-settings=\"{&quot;jet_parallax_layout_list&quot;:[]}\">\n\t\t\t\t\t<div class=\"e-con-inner\">\n\t\t<div class=\"elementor-element elementor-element-dc1e6de e-con-full e-flex e-con e-child\" data-id=\"dc1e6de\" data-element_type=\"container\" data-settings=\"{&quot;jet_parallax_layout_list&quot;:[]}\">\n\t\t<div class=\"elementor-element elementor-element-8266935 e-con-full e-flex e-con e-child\" data-id=\"8266935\" data-element_type=\"container\" data-settings=\"{&quot;jet_parallax_layout_list&quot;:[]}\">\n\t\t<div class=\"elementor-element elementor-element-b8d5b50 e-con-full tehergepkocsi e-flex e-con e-child\" data-id=\"b8d5b50\" data-element_type=\"container\" id=\"tehergepkocsi\" data-settings=\"{&quot;jet_parallax_layout_list&quot;:[]}\">\n\t\t\t\t<div class=\"elementor-element elementor-element-cd5c51f elementor-widget elementor-widget-text-editor\" data-id=\"cd5c51f\" data-element_type=\"widget\" data-widget_type=\"text-editor.default\">\n\t\t\t\t<div class=\"elementor-widget-container\">\n\t\t\t\t\t\t\t<h3>1. \u010cO S\u00da TO S\u00daBORY COOKIE A AKO M\u00d4\u017dETE ZMENI\u0164 NASTAVENIA?<\/h3><p>S\u00fabory cookie s\u00fa mal\u00e9 textov\u00e9 s\u00fabory, ktor\u00e9 webov\u00e1 lokalita m\u00f4\u017ee pou\u017ei\u0165 na zefekt\u00edvnenie v\u00e1\u0161ho pou\u017e\u00edvate\u013esk\u00e9ho prostredia.<\/p><p>Niektor\u00e9 s\u00fabory cookie s\u00fa len do\u010dasn\u00e9 a zmizn\u00fa po zatvoren\u00ed prehliada\u010da, zatia\u013e \u010do existuj\u00fa aj trval\u00e9 verzie, ktor\u00e9 zost\u00e1vaj\u00fa v zariaden\u00ed n\u00e1v\u0161tevn\u00edka dlh\u0161\u00ed \u010das. Pod\u013ea z\u00e1kona m\u00f4\u017eeme uklada\u0165 s\u00fabory cookie v zariaden\u00ed n\u00e1v\u0161tevn\u00edka, ak je to nevyhnutne potrebn\u00e9 na fungovanie na\u0161ej webovej str\u00e1nky.<\/p><p>Na pou\u017eitie ak\u00e9hoko\u013evek in\u00e9ho typu s\u00faboru cookie potrebujeme s\u00fahlas n\u00e1v\u0161tevn\u00edka. T\u00e1to webov\u00e1 str\u00e1nka pou\u017e\u00edva r\u00f4zne s\u00fabory cookie. Niektor\u00e9 s\u00fabory cookie, ktor\u00e9 sa objavuj\u00fa na tejto webovej lokalite, umiest\u0148uj\u00fa na\u0161i poskytovatelia slu\u017eieb tret\u00edch str\u00e1n.<\/p><p>Prehliada\u010de poskytuj\u00fa mo\u017enos\u0165 zmeni\u0165 nastavenia s\u00faborov cookie. V\u00e4\u010d\u0161ina prehliada\u010dov automaticky prij\u00edma s\u00fabory cookie v predvolenom nastaven\u00ed, ale toto nastavenie je mo\u017en\u00e9 zmeni\u0165 a zabr\u00e1ni\u0165 tak automatick\u00e9mu prij\u00edmaniu s\u00faborov cookie po ich nastaven\u00ed.<\/p><p>\u010eal\u0161ie inform\u00e1cie o zmene nastaven\u00ed prehliada\u010da n\u00e1jdete v n\u00e1vode na pou\u017eitie alebo v n\u00e1povede k prehliada\u010du. Ak chcete zisti\u0165 inform\u00e1cie o nastaveniach s\u00faborov cookie pre najob\u013e\u00fabenej\u0161ie prehliada\u010de, kliknite na odkazy ni\u017e\u0161ie:<\/p><ul><li><strong>Google Chrome<\/strong><\/li><li><strong>Firefox<\/strong><\/li><li><strong>Microsoft Edge<\/strong><\/li><li><strong>Safari<\/strong><\/li><\/ul><h3>2. KDE SA POSKYTUJ\u00da INFORM\u00c1CIE A S\u00daHLAS SO SPR\u00c1VOU S\u00daBOROV COOKIE?<\/h3><p>Pri prvej n\u00e1v\u0161teve na\u0161ej webovej lokality sa v hornej \u010dasti obrazovky zobraz\u00ed vyskakovacie okno a vy si budete m\u00f4c\u0165 vybra\u0165, s ktor\u00fdmi s\u00fabormi cookie s\u00fahlas\u00edte.<\/p><p>Toto informa\u010dn\u00e9 okno obsahuje aj odkaz na toto vyhl\u00e1senie o s\u00faboroch cookie.<\/p><h3>3. TYPY S\u00daBOROV COOKIE<\/h3><h4>3.1. Z\u00e1kladn\u00e9 s\u00fabory cookie<\/h4><p>Z\u00e1kladn\u00e9 s\u00fabory cookie pom\u00e1haj\u00fa zlep\u0161i\u0165 pou\u017eite\u013enos\u0165 na\u0161ej webovej str\u00e1nky t\u00fdm, \u017ee umo\u017e\u0148uj\u00fa z\u00e1kladn\u00e9 funkcie, ako je navig\u00e1cia na str\u00e1nke a pr\u00edstup do zabezpe\u010den\u00fdch oblast\u00ed webovej str\u00e1nky. Bez t\u00fdchto s\u00faborov cookie nem\u00f4\u017ee webov\u00e1 lokalita spr\u00e1vne fungova\u0165.<\/p><ul><li><strong>PHPSESSID<\/strong>: Udr\u017eiava stav rel\u00e1cie pou\u017e\u00edvate\u013ea medzi po\u017eiadavkami na str\u00e1nku.<br \/><strong>Br\u00e1na<\/strong>: a\u017e do zatvorenia prehliada\u010da<\/li><li><strong>CookieConsent<\/strong>: Ulo\u017e\u00ed vyhl\u00e1senie o s\u00fabore cookie pou\u017e\u00edvate\u013ea v danej dom\u00e9ne.<br \/><strong>Br\u00e1na<\/strong>: 1 rok<\/li><li><strong>__cfduid<\/strong>: Server obsahu Cloudflare identifikuje webov\u00fa prev\u00e1dzku.<br \/><strong>Br\u00e1na<\/strong>: 1 rok<\/li><li><strong>JSESSIONID<\/strong>: Ka\u017edej otvorenej str\u00e1nke prirad\u00ed jedine\u010dn\u00fd anonymn\u00fd identifik\u00e1tor s cie\u013eom zlep\u0161i\u0165 pou\u017eite\u013enos\u0165 str\u00e1nky.<br \/><strong>Br\u00e1na<\/strong>: a\u017e do zatvorenia prehliada\u010da<\/li><\/ul><h4>3.2. Prednostn\u00e9 cookies<\/h4><p>Preferen\u010dn\u00e9 s\u00fabory cookie n\u00e1m umo\u017e\u0148uj\u00fa zapam\u00e4ta\u0165 si inform\u00e1cie, ktor\u00e9 menia sp\u00f4sob, ak\u00fdm sa webov\u00e1 lokalita spr\u00e1va alebo vyzer\u00e1, napr\u00edklad v\u00e1\u0161 preferovan\u00fd jazyk alebo regi\u00f3n, v ktorom sa nach\u00e1dzate.<\/p><h4>3.3. S\u00fabory cookie na \u0161tatistick\u00e9 \u00fa\u010dely<\/h4><p>Zhroma\u017e\u010fovan\u00edm a vykazovan\u00edm \u00fadajov v anonymnej forme pom\u00e1haj\u00fa \u0161tatistick\u00e9 s\u00fabory cookie majite\u013eovi webovej str\u00e1nky pochopi\u0165, ako n\u00e1v\u0161tevn\u00edci interaguj\u00fa s webovou str\u00e1nkou.<\/p><ul><li><strong>_ga<\/strong>: Zaznamen\u00e1va jedine\u010dn\u00fd identifik\u00e1tor, ktor\u00fd sa pou\u017e\u00edva na generovanie anonymn\u00fdch \u0161tatistick\u00fdch \u00fadajov o pou\u017e\u00edvan\u00ed webovej str\u00e1nky.<br \/><strong>Br\u00e1na<\/strong>: 2 roky<\/li><li><strong>_gid<\/strong>: Zaznamen\u00e1va jedine\u010dn\u00fd identifik\u00e1tor, ktor\u00fd sa pou\u017e\u00edva na generovanie anonymn\u00fdch \u0161tatistick\u00fdch \u00fadajov o pou\u017e\u00edvan\u00ed webovej str\u00e1nky.<br \/><strong>Br\u00e1na<\/strong>: 2 roky<\/li><li><strong>_gat<\/strong>: Slu\u017eba Google Analytics sa pou\u017e\u00edva na kontrolu frekvencie dopytov.<br \/><strong>Br\u00e1na<\/strong>: a\u017e do zatvorenia prehliada\u010da<\/li><\/ul><h3>4. KONTROLA A VYPNUTIE NASTAVEN\u00cd S\u00daBOROV COOKIE<\/h3><p>Modern\u00e9 prehliada\u010de umo\u017e\u0148uj\u00fa zmeni\u0165 nastavenia s\u00faborov cookie. Niektor\u00e9 prehliada\u010de automaticky prij\u00edmaj\u00fa s\u00fabory cookie v predvolenom nastaven\u00ed, ale toto nastavenie je mo\u017en\u00e9 zmeni\u0165 a zabr\u00e1ni\u0165 tak n\u00e1v\u0161tevn\u00edkovi, aby ich v bud\u00facnosti automaticky prij\u00edmal.<\/p><p>Ak sa prepnete, prehliada\u010d v\u00e1m pon\u00fakne mo\u017enos\u0165 nastavi\u0165 s\u00fabor cookie pri ka\u017edom prepnut\u00ed.<\/p><p>Prev\u00e1dzkovate\u013e \u00fadajov <strong>Pannon Porto Ltd.<\/strong>, si nepam\u00e4t\u00e1 \u017eiadne identifik\u00e1tory ani hesl\u00e1, ani ke\u010f s\u00fa povolen\u00e9 s\u00fabory cookie. Aj ke\u010f s\u00fabory cookie prijmete, m\u00f4\u017eete webov\u00e9 str\u00e1nky pou\u017e\u00edva\u0165 \u00faplne bezpe\u010dne.<\/p><p>Upozor\u0148ujeme, \u017ee s\u00fabory cookie sa pou\u017e\u00edvaj\u00fa na podporu a u\u013eah\u010denie pou\u017eite\u013enosti a procesov webovej str\u00e1nky, preto nem\u00f4\u017eeme zaru\u010di\u0165, \u017ee n\u00e1v\u0161tevn\u00edk bude m\u00f4c\u0165 pou\u017e\u00edva\u0165 v\u0161etky funkcie webovej str\u00e1nky, ak s\u00fa s\u00fabory cookie vypnut\u00e9.<\/p><p>Webov\u00e1 str\u00e1nka potom m\u00f4\u017ee fungova\u0165 inak, ako je v prehliada\u010di zam\u00fd\u0161\u013ean\u00e9.<\/p>\t\t\t\t\t\t<\/div>\n\t\t\t\t<\/div>\n\t\t\t\t<\/div>\n\t\t\t\t<\/div>\n\t\t\t\t<\/div>\n\t\t\t\t\t<\/div>\n\t\t\t\t<\/div>\n\t\t\t\t<\/div>","protected":false},"excerpt":{"rendered":"<p>Cookie t\u00e1j\u00e9koztat\u00f3 1. MIK AZOK A COOKIE-K (S\u00dcTIK), \u00c9S HOGYAN TUDOD M\u00d3DOS\u00cdTANI A BE\u00c1LL\u00cdT\u00c1SOKAT? A \u201ecookie\u201d-k (tov\u00e1bbiakban: \u201ecookie\u201d vagy \u201es\u00fcti\u201d) olyan kis sz\u00f6veges f\u00e1jlok, amelyeket egy weboldal felhaszn\u00e1lhat arra, hogy m\u00e9g hat\u00e9konyabb\u00e1 tegye a felhaszn\u00e1l\u00f3i \u00e9lm\u00e9nyt. N\u00e9h\u00e1ny s\u00fcti csak \u00e1tmeneti \u00e9s elt\u0171nik a b\u00f6ng\u00e9sz\u0151 bez\u00e1r\u00e1s\u00e1val, m\u00edg l\u00e9teznek tart\u00f3s v\u00e1ltozatok is, melyek huzamosabb ideig a l\u00e1togat\u00f3 [&hellip;]<\/p>","protected":false},"author":1,"featured_media":0,"parent":0,"menu_order":0,"comment_status":"closed","ping_status":"closed","template":"","meta":{"_seopress_robots_primary_cat":"","_seopress_titles_title":"","_seopress_titles_desc":"","_seopress_robots_index":"","footnotes":""},"class_list":["post-598","page","type-page","status-publish","hentry"],"_links":{"self":[{"href":"https:\/\/kamionpura.hu\/sk\/wp-json\/wp\/v2\/pages\/598"}],"collection":[{"href":"https:\/\/kamionpura.hu\/sk\/wp-json\/wp\/v2\/pages"}],"about":[{"href":"https:\/\/kamionpura.hu\/sk\/wp-json\/wp\/v2\/types\/page"}],"author":[{"embeddable":true,"href":"https:\/\/kamionpura.hu\/sk\/wp-json\/wp\/v2\/users\/1"}],"replies":[{"embeddable":true,"href":"https:\/\/kamionpura.hu\/sk\/wp-json\/wp\/v2\/comments?post=598"}],"version-history":[{"count":12,"href":"https:\/\/kamionpura.hu\/sk\/wp-json\/wp\/v2\/pages\/598\/revisions"}],"predecessor-version":[{"id":611,"href":"https:\/\/kamionpura.hu\/sk\/wp-json\/wp\/v2\/pages\/598\/revisions\/611"}],"wp:attachment":[{"href":"https:\/\/kamionpura.hu\/sk\/wp-json\/wp\/v2\/media?parent=598"}],"curies":[{"name":"wp","href":"https:\/\/api.w.org\/{rel}","templated":true}]}}