{"id":682,"date":"2025-04-22T12:50:15","date_gmt":"2025-04-22T10:50:15","guid":{"rendered":"https:\/\/kamionpura.hu\/?page_id=682"},"modified":"2025-04-22T12:53:07","modified_gmt":"2025-04-22T10:53:07","slug":"sikeres-kuldes","status":"publish","type":"page","link":"https:\/\/kamionpura.hu\/ro\/sikeres-kuldes\/","title":{"rendered":"Sikeres k\u00fcld\u00e9s"},"content":{"rendered":"<div data-elementor-type=\"wp-page\" data-elementor-id=\"682\" class=\"elementor elementor-682\" data-elementor-post-type=\"page\">\n\t\t\t\t<div class=\"elementor-element elementor-element-dc84c46 e-flex e-con-boxed e-con e-parent\" data-id=\"dc84c46\" data-element_type=\"container\" data-settings=\"{&quot;jet_parallax_layout_list&quot;:[],&quot;background_background&quot;:&quot;classic&quot;}\">\n\t\t\t\t\t<div class=\"e-con-inner\">\n\t\t\t\t<div class=\"elementor-element elementor-element-cfd8985 elementor-widget elementor-widget-heading\" data-id=\"cfd8985\" data-element_type=\"widget\" data-widget_type=\"heading.default\">\n\t\t\t\t<div class=\"elementor-widget-container\">\n\t\t\t<h1 class=\"elementor-heading-title elementor-size-default\">SIKERES K\u00dcLD\u00c9S<\/h1>\t\t<\/div>\n\t\t\t\t<\/div>\n\t\t\t\t<div class=\"elementor-element elementor-element-aa1d16d elementor-widget elementor-widget-text-editor\" data-id=\"aa1d16d\" data-element_type=\"widget\" data-widget_type=\"text-editor.default\">\n\t\t\t\t<div class=\"elementor-widget-container\">\n\t\t\t\t\t\t\tHamarosan felvessz\u00fck \u00d6nnel a kapcsolatot a megadott el\u00e9rhet\u0151s\u00e9gek egyik\u00e9n.\t\t\t\t\t\t<\/div>\n\t\t\t\t<\/div>\n\t\t\t\t\t<\/div>\n\t\t\t\t<\/div>\n\t\t\t\t<\/div>","protected":false},"excerpt":{"rendered":"<p>SIKERES K\u00dcLD\u00c9S Hamarosan felvessz\u00fck \u00d6nnel a kapcsolatot a megadott el\u00e9rhet\u0151s\u00e9gek egyik\u00e9n.<\/p>","protected":false},"author":1,"featured_media":0,"parent":0,"menu_order":0,"comment_status":"closed","ping_status":"closed","template":"","meta":{"_seopress_robots_primary_cat":"","_seopress_titles_title":"","_seopress_titles_desc":"","_seopress_robots_index":"","footnotes":""},"class_list":["post-682","page","type-page","status-publish","hentry"],"_links":{"self":[{"href":"https:\/\/kamionpura.hu\/ro\/wp-json\/wp\/v2\/pages\/682"}],"collection":[{"href":"https:\/\/kamionpura.hu\/ro\/wp-json\/wp\/v2\/pages"}],"about":[{"href":"https:\/\/kamionpura.hu\/ro\/wp-json\/wp\/v2\/types\/page"}],"author":[{"embeddable":true,"href":"https:\/\/kamionpura.hu\/ro\/wp-json\/wp\/v2\/users\/1"}],"replies":[{"embeddable":true,"href":"https:\/\/kamionpura.hu\/ro\/wp-json\/wp\/v2\/comments?post=682"}],"version-history":[{"count":4,"href":"https:\/\/kamionpura.hu\/ro\/wp-json\/wp\/v2\/pages\/682\/revisions"}],"predecessor-version":[{"id":686,"href":"https:\/\/kamionpura.hu\/ro\/wp-json\/wp\/v2\/pages\/682\/revisions\/686"}],"wp:attachment":[{"href":"https:\/\/kamionpura.hu\/ro\/wp-json\/wp\/v2\/media?parent=682"}],"curies":[{"name":"wp","href":"https:\/\/api.w.org\/{rel}","templated":true}]}}