{"id":668,"date":"2025-02-13T12:32:18","date_gmt":"2025-02-13T10:32:18","guid":{"rendered":"https:\/\/kamionpura.hu\/?page_id=668"},"modified":"2025-02-13T12:34:58","modified_gmt":"2025-02-13T10:34:58","slug":"ertekeles-irasa","status":"publish","type":"page","link":"https:\/\/kamionpura.hu\/ro\/ertekeles-irasa\/","title":{"rendered":"Google \u00e9rt\u00e9kel\u00e9s \u00edr\u00e1sa"},"content":{"rendered":"<div data-elementor-type=\"wp-page\" data-elementor-id=\"668\" class=\"elementor elementor-668\" data-elementor-post-type=\"page\">\n\t\t\t\t<div class=\"elementor-element elementor-element-dc84c46 e-flex e-con-boxed e-con e-parent\" data-id=\"dc84c46\" data-element_type=\"container\" data-settings=\"{&quot;jet_parallax_layout_list&quot;:[],&quot;background_background&quot;:&quot;classic&quot;}\">\n\t\t\t\t\t<div class=\"e-con-inner\">\n\t\t\t\t<div class=\"elementor-element elementor-element-cfd8985 elementor-widget elementor-widget-heading\" data-id=\"cfd8985\" data-element_type=\"widget\" data-widget_type=\"heading.default\">\n\t\t\t\t<div class=\"elementor-widget-container\">\n\t\t\t<h1 class=\"elementor-heading-title elementor-size-default\">TRIMITE RECENZIE GOOGLE<\/h1>\t\t<\/div>\n\t\t\t\t<\/div>\n\t\t\t\t<div class=\"elementor-element elementor-element-cd5c51f elementor-widget elementor-widget-text-editor\" data-id=\"cd5c51f\" data-element_type=\"widget\" data-widget_type=\"text-editor.default\">\n\t\t\t\t<div class=\"elementor-widget-container\">\n\t\t\t\t\t\t\t<p data-start=\"324\" data-end=\"550\">V\u0103 mul\u021bumim pentru timpul acordat evalu\u0103rii KamionPura! \u00cen pa\u0219ii de mai jos, v\u0103 vom ar\u0103ta cum pute\u021bi l\u0103sa cu u\u0219urin\u021b\u0103 o recenzie pe Google.<\/p>\t\t\t\t\t\t<\/div>\n\t\t\t\t<\/div>\n\t\t\t\t\t<\/div>\n\t\t\t\t<\/div>\n\t\t<div class=\"elementor-element elementor-element-8250f4f e-flex e-con-boxed e-con e-parent\" data-id=\"8250f4f\" data-element_type=\"container\" data-settings=\"{&quot;jet_parallax_layout_list&quot;:[]}\">\n\t\t\t\t\t<div class=\"e-con-inner\">\n\t\t<div class=\"elementor-element elementor-element-bdcbf14 e-con-full e-flex e-con e-child\" data-id=\"bdcbf14\" data-element_type=\"container\" data-settings=\"{&quot;background_background&quot;:&quot;classic&quot;,&quot;jet_parallax_layout_list&quot;:[]}\">\n\t\t\t\t<div class=\"elementor-element elementor-element-24ba813 elementor-widget elementor-widget-text-editor\" data-id=\"24ba813\" data-element_type=\"widget\" data-widget_type=\"text-editor.default\">\n\t\t\t\t<div class=\"elementor-widget-container\">\n\t\t\t\t\t\t\t<h2 data-start=\"1950\" data-end=\"1992\"><strong data-start=\"1953\" data-end=\"1990\">1. Merge\u021bi la harta Google<\/strong><\/h2><p data-start=\"1950\" data-end=\"1992\"><span style=\"font-size: 16px;\">Introduce\u021bi-l \u00een bara de c\u0103utare: <\/span><strong style=\"font-size: 16px;\" data-start=\"712\" data-end=\"742\">CamionPura Mosonmagyar\u00f3v\u00e1r <\/strong><span style=\"font-size: 16px;\">sau <span style=\"text-decoration: underline;\">face\u021bi clic pe butonul verde de mai jos<\/span>.<\/span><\/p><p>\u00cen rezultate, c\u0103uta\u021bi profilul \u00eentreprinderii, care apare \u00een dreapta sau \u00een rezultate.<\/p>\t\t\t\t\t\t<\/div>\n\t\t\t\t<\/div>\n\t\t\t\t<div class=\"elementor-element elementor-element-bc2b3e6 elementor-alert-warning elementor-widget elementor-widget-alert\" data-id=\"bc2b3e6\" data-element_type=\"widget\" data-widget_type=\"alert.default\">\n\t\t\t\t<div class=\"elementor-widget-container\">\n\t\t\t\t\t<div class=\"elementor-alert\" role=\"alert\">\n\n\t\t\t\t\t\t<span class=\"elementor-alert-title\">Important:<\/span>\n\t\t\t\n\t\t\t\t\t\t<span class=\"elementor-alert-description\">Pentru a scrie o recenzie, trebuie s\u0103 fi\u021bi conectat la contul dvs. Google (de obicei @gmail.com)<\/span>\n\t\t\t\n\t\t\t\t\t\t<button type=\"button\" class=\"elementor-alert-dismiss\">\n\t\t\t\t\t\t\t\t\t<span aria-hidden=\"true\">\u00d7<\/span>\n\t\t\t\t\t\t\t\t<span class=\"elementor-screen-only\">Arunca\u021bi aceast\u0103 alert\u0103.<\/span>\n\t\t\t<\/button>\n\t\t\t\n\t\t<\/div>\n\t\t\t\t<\/div>\n\t\t\t\t<\/div>\n\t\t\t\t<div class=\"elementor-element elementor-element-d10e5d5 elementor-align-justify elementor-widget elementor-widget-button\" data-id=\"d10e5d5\" data-element_type=\"widget\" data-widget_type=\"button.default\">\n\t\t\t\t<div class=\"elementor-widget-container\">\n\t\t\t\t\t\t\t<div class=\"elementor-button-wrapper\">\n\t\t\t\t\t<a class=\"elementor-button elementor-button-link elementor-size-sm\" href=\"https:\/\/kamionpura.hu\/ro\/velemeny\/\">\n\t\t\t\t\t\t<span class=\"elementor-button-content-wrapper\">\n\t\t\t\t\t\t<span class=\"elementor-button-icon\">\n\t\t\t\t<svg aria-hidden=\"true\" class=\"e-font-icon-svg e-fas-arrow-right\" viewbox=\"0 0 448 512\" xmlns=\"http:\/\/www.w3.org\/2000\/svg\"><path d=\"M190.5 66.9l22.2-22.2c9.4-9.4 24.6-9.4 33.9 0L441 239c9.4 9.4 9.4 24.6 0 33.9L246.6 467.3c-9.4 9.4-24.6 9.4-33.9 0l-22.2-22.2c-9.5-9.5-9.3-25 .4-34.3L311.4 296H24c-13.3 0-24-10.7-24-24v-32c0-13.3 10.7-24 24-24h287.4L190.9 101.2c-9.8-9.3-10-24.8-.4-34.3z\"><\/path><\/svg>\t\t\t<\/span>\n\t\t\t\t\t\t\t\t\t<span class=\"elementor-button-text\">Merge\u021bi la evaluare<\/span>\n\t\t\t\t\t<\/span>\n\t\t\t\t\t<\/a>\n\t\t\t\t<\/div>\n\t\t\t\t\t\t<\/div>\n\t\t\t\t<\/div>\n\t\t\t\t<div class=\"elementor-element elementor-element-2e69f3f elementor-widget elementor-widget-text-editor\" data-id=\"2e69f3f\" data-element_type=\"widget\" data-widget_type=\"text-editor.default\">\n\t\t\t\t<div class=\"elementor-widget-container\">\n\t\t\t\t\t\t\t<p>sau scana\u021bi codul QR cu camera foto a telefonului:<\/p>\t\t\t\t\t\t<\/div>\n\t\t\t\t<\/div>\n\t\t\t\t<div class=\"elementor-element elementor-element-d7d89d1 elementor-widget elementor-widget-image\" data-id=\"d7d89d1\" data-element_type=\"widget\" data-widget_type=\"image.default\">\n\t\t\t\t<div class=\"elementor-widget-container\">\n\t\t\t\t\t\t\t\t\t\t\t\t\t<img alt=\"\" decoding=\"async\" width=\"185\" height=\"185\" src=\"https:\/\/kamionpura.hu\/wp-content\/uploads\/2025\/02\/tinywow_qr_code_75070569.png\" class=\"attachment-full size-full wp-image-663\" srcset=\"https:\/\/kamionpura.hu\/wp-content\/uploads\/2025\/02\/tinywow_qr_code_75070569.png 185w, https:\/\/kamionpura.hu\/wp-content\/uploads\/2025\/02\/tinywow_qr_code_75070569-150x150.png 150w, https:\/\/kamionpura.hu\/wp-content\/uploads\/2025\/02\/tinywow_qr_code_75070569-12x12.png 12w\" sizes=\"(max-width: 185px) 100vw, 185px\" \/>\t\t\t\t\t\t\t\t\t\t\t\t\t<\/div>\n\t\t\t\t<\/div>\n\t\t\t\t<\/div>\n\t\t<div class=\"elementor-element elementor-element-19c3244 e-con-full e-flex e-con e-child\" data-id=\"19c3244\" data-element_type=\"container\" data-settings=\"{&quot;jet_parallax_layout_list&quot;:[]}\">\n\t\t\t\t<div class=\"elementor-element elementor-element-cfb0462 elementor-widget elementor-widget-video\" data-id=\"cfb0462\" data-element_type=\"widget\" data-settings=\"{&quot;video_type&quot;:&quot;hosted&quot;,&quot;autoplay&quot;:&quot;yes&quot;,&quot;loop&quot;:&quot;yes&quot;}\" data-widget_type=\"video.default\">\n\t\t\t\t<div class=\"elementor-widget-container\">\n\t\t\t\t\t<div class=\"e-hosted-video elementor-wrapper elementor-open-inline\">\n\t\t\t\t\t<video class=\"elementor-video\" src=\"https:\/\/kamionpura.hu\/wp-content\/uploads\/2025\/02\/ezgif-2a2ed039beb371.webm\" autoplay=\"\" loop=\"\" controlslist=\"nodownload\"><\/video>\n\t\t\t\t<\/div>\n\t\t\t\t<\/div>\n\t\t\t\t<\/div>\n\t\t\t\t<\/div>\n\t\t\t\t\t<\/div>\n\t\t\t\t<\/div>\n\t\t<div class=\"elementor-element elementor-element-803758f e-flex e-con-boxed e-con e-parent\" data-id=\"803758f\" data-element_type=\"container\" data-settings=\"{&quot;jet_parallax_layout_list&quot;:[]}\">\n\t\t\t\t\t<div class=\"e-con-inner\">\n\t\t<div class=\"elementor-element elementor-element-8f3d914 e-con-full e-flex e-con e-child\" data-id=\"8f3d914\" data-element_type=\"container\" data-settings=\"{&quot;jet_parallax_layout_list&quot;:[]}\">\n\t\t\t\t<div class=\"elementor-element elementor-element-21abf2e elementor-widget elementor-widget-image\" data-id=\"21abf2e\" data-element_type=\"widget\" data-widget_type=\"image.default\">\n\t\t\t\t<div class=\"elementor-widget-container\">\n\t\t\t\t\t\t\t\t\t\t\t\t\t<img alt=\"\" fetchpriority=\"high\" decoding=\"async\" width=\"760\" height=\"760\" src=\"https:\/\/kamionpura.hu\/wp-content\/uploads\/2025\/02\/ertekeles_utolso_lepes-1.png\" class=\"attachment-large size-large wp-image-664\" srcset=\"https:\/\/kamionpura.hu\/wp-content\/uploads\/2025\/02\/ertekeles_utolso_lepes-1.png 760w, https:\/\/kamionpura.hu\/wp-content\/uploads\/2025\/02\/ertekeles_utolso_lepes-1-300x300.png 300w, https:\/\/kamionpura.hu\/wp-content\/uploads\/2025\/02\/ertekeles_utolso_lepes-1-150x150.png 150w, https:\/\/kamionpura.hu\/wp-content\/uploads\/2025\/02\/ertekeles_utolso_lepes-1-12x12.png 12w\" sizes=\"(max-width: 760px) 100vw, 760px\" \/>\t\t\t\t\t\t\t\t\t\t\t\t\t<\/div>\n\t\t\t\t<\/div>\n\t\t\t\t<\/div>\n\t\t<div class=\"elementor-element elementor-element-4cfefad e-con-full e-flex e-con e-child\" data-id=\"4cfefad\" data-element_type=\"container\" data-settings=\"{&quot;background_background&quot;:&quot;classic&quot;,&quot;jet_parallax_layout_list&quot;:[]}\">\n\t\t\t\t<div class=\"elementor-element elementor-element-f46f007 elementor-widget elementor-widget-text-editor\" data-id=\"f46f007\" data-element_type=\"widget\" data-widget_type=\"text-editor.default\">\n\t\t\t\t<div class=\"elementor-widget-container\">\n\t\t\t\t\t\t\t<h2 data-start=\"1950\" data-end=\"1992\"><strong data-start=\"1953\" data-end=\"1990\">2. Face\u021bi clic pe butonul \"Publicare\"<\/strong><\/h2><ul data-start=\"1993\" data-end=\"2107\"><li data-start=\"1993\" data-end=\"2061\">Dup\u0103 ce a\u021bi scris recenzia, face\u021bi clic pe butonul <strong data-start=\"2035\" data-end=\"2051\">\"Dezv\u0103luiri\"<\/strong> buton.<\/li><li data-start=\"2062\" data-end=\"2107\">A\u021bi ad\u0103ugat cu succes recenzia dumneavoastr\u0103! V\u0103 mul\u021bumim!<\/li><\/ul>\t\t\t\t\t\t<\/div>\n\t\t\t\t<\/div>\n\t\t\t\t<\/div>\n\t\t\t\t\t<\/div>\n\t\t\t\t<\/div>\n\t\t\t\t<\/div>","protected":false},"excerpt":{"rendered":"<p>GOOGLE \u00c9RT\u00c9KEL\u00c9S K\u00dcLD\u00c9SE K\u00f6sz\u00f6nj\u00fck, hogy id\u0151t sz\u00e1nsz a KamionPura \u00e9rt\u00e9kel\u00e9s\u00e9re! Az al\u00e1bbi l\u00e9p\u00e9sekben bemutatjuk, hogyan hagyhatsz \u00e9rt\u00e9kel\u00e9st egyszer\u0171en a Google-on. 1. Menj a Google t\u00e9rk\u00e9pre \u00cdrd be a keres\u0151s\u00e1vba: KamionPura Mosonmagyar\u00f3v\u00e1r vagy kattints a lenti z\u00f6ld gombra. A tal\u00e1latok k\u00f6z\u00f6tt keresd meg az \u00fczleti profilt, amely a jobb oldalon vagy a tal\u00e1latok k\u00f6z\u00f6tt jelenik meg. [&hellip;]<\/p>","protected":false},"author":1,"featured_media":0,"parent":0,"menu_order":0,"comment_status":"closed","ping_status":"closed","template":"","meta":{"_seopress_robots_primary_cat":"","_seopress_titles_title":"","_seopress_titles_desc":"","_seopress_robots_index":"yes","footnotes":""},"class_list":["post-668","page","type-page","status-publish","hentry"],"_links":{"self":[{"href":"https:\/\/kamionpura.hu\/ro\/wp-json\/wp\/v2\/pages\/668"}],"collection":[{"href":"https:\/\/kamionpura.hu\/ro\/wp-json\/wp\/v2\/pages"}],"about":[{"href":"https:\/\/kamionpura.hu\/ro\/wp-json\/wp\/v2\/types\/page"}],"author":[{"embeddable":true,"href":"https:\/\/kamionpura.hu\/ro\/wp-json\/wp\/v2\/users\/1"}],"replies":[{"embeddable":true,"href":"https:\/\/kamionpura.hu\/ro\/wp-json\/wp\/v2\/comments?post=668"}],"version-history":[{"count":6,"href":"https:\/\/kamionpura.hu\/ro\/wp-json\/wp\/v2\/pages\/668\/revisions"}],"predecessor-version":[{"id":678,"href":"https:\/\/kamionpura.hu\/ro\/wp-json\/wp\/v2\/pages\/668\/revisions\/678"}],"wp:attachment":[{"href":"https:\/\/kamionpura.hu\/ro\/wp-json\/wp\/v2\/media?parent=668"}],"curies":[{"name":"wp","href":"https:\/\/api.w.org\/{rel}","templated":true}]}}