{"id":598,"date":"2025-01-02T15:11:49","date_gmt":"2025-01-02T13:11:49","guid":{"rendered":"https:\/\/kamionpura.hu\/?page_id=598"},"modified":"2025-01-02T15:29:50","modified_gmt":"2025-01-02T13:29:50","slug":"cookie-tajekoztato","status":"publish","type":"page","link":"https:\/\/kamionpura.hu\/ro\/cookie-tajekoztato\/","title":{"rendered":"Notificare privind cookie-urile"},"content":{"rendered":"<div data-elementor-type=\"wp-page\" data-elementor-id=\"598\" class=\"elementor elementor-598\" data-elementor-post-type=\"page\">\n\t\t\t\t<div class=\"elementor-element elementor-element-dc84c46 e-flex e-con-boxed e-con e-parent\" data-id=\"dc84c46\" data-element_type=\"container\" data-settings=\"{&quot;jet_parallax_layout_list&quot;:[],&quot;background_background&quot;:&quot;classic&quot;}\">\n\t\t\t\t\t<div class=\"e-con-inner\">\n\t\t\t\t<div class=\"elementor-element elementor-element-cfd8985 elementor-widget elementor-widget-heading\" data-id=\"cfd8985\" data-element_type=\"widget\" data-widget_type=\"heading.default\">\n\t\t\t\t<div class=\"elementor-widget-container\">\n\t\t\t<h1 class=\"elementor-heading-title elementor-size-default\">Informa\u021bii privind modulele cookie<\/h1>\t\t<\/div>\n\t\t\t\t<\/div>\n\t\t\t\t\t<\/div>\n\t\t\t\t<\/div>\n\t\t<div class=\"elementor-element elementor-element-a0fc372 e-flex e-con-boxed e-con e-parent\" data-id=\"a0fc372\" data-element_type=\"container\" data-settings=\"{&quot;jet_parallax_layout_list&quot;:[]}\">\n\t\t\t\t\t<div class=\"e-con-inner\">\n\t\t<div class=\"elementor-element elementor-element-dc1e6de e-con-full e-flex e-con e-child\" data-id=\"dc1e6de\" data-element_type=\"container\" data-settings=\"{&quot;jet_parallax_layout_list&quot;:[]}\">\n\t\t<div class=\"elementor-element elementor-element-8266935 e-con-full e-flex e-con e-child\" data-id=\"8266935\" data-element_type=\"container\" data-settings=\"{&quot;jet_parallax_layout_list&quot;:[]}\">\n\t\t<div class=\"elementor-element elementor-element-b8d5b50 e-con-full tehergepkocsi e-flex e-con e-child\" data-id=\"b8d5b50\" data-element_type=\"container\" id=\"tehergepkocsi\" data-settings=\"{&quot;jet_parallax_layout_list&quot;:[]}\">\n\t\t\t\t<div class=\"elementor-element elementor-element-cd5c51f elementor-widget elementor-widget-text-editor\" data-id=\"cd5c51f\" data-element_type=\"widget\" data-widget_type=\"text-editor.default\">\n\t\t\t\t<div class=\"elementor-widget-container\">\n\t\t\t\t\t\t\t<h3>1. CE SUNT MODULELE COOKIE \u0218I CUM PUTE\u021aI MODIFICA SET\u0102RILE?<\/h3><p>Modulele cookie sunt fi\u0219iere text de mici dimensiuni pe care un site web le poate utiliza pentru a v\u0103 face experien\u021ba de utilizator mai eficient\u0103.<\/p><p>Unele module cookie sunt doar temporare \u0219i dispar atunci c\u00e2nd browserul este \u00eenchis, \u00een timp ce exist\u0103 \u0219i versiuni permanente care r\u0103m\u00e2n pe dispozitivul vizitatorului pentru o perioad\u0103 mai lung\u0103 de timp. \u00cen conformitate cu legea, putem stoca module cookie pe dispozitivul vizitatorului dac\u0103 acest lucru este strict necesar pentru func\u021bionarea site-ului nostru web.<\/p><p>Avem nevoie de permisiunea vizitatorului pentru a utiliza toate celelalte tipuri de module cookie. Acest site utilizeaz\u0103 diverse module cookie. Unele module cookie care apar pe acest site web sunt plasate de furnizorii no\u0219tri de servicii ter\u021be.<\/p><p>Majoritatea browserelor accept\u0103 automat modulele cookie \u00een mod implicit, dar acest lucru poate fi modificat pentru a \u00eempiedica acceptarea automat\u0103 odat\u0103 setate.<\/p><p>Pentru a afla mai multe despre modificarea set\u0103rilor browserului dvs., consulta\u021bi instruc\u021biunile sau ajutorul browserului. Pentru a afla despre set\u0103rile cookie pentru cele mai populare browsere, face\u021bi clic pe linkurile de mai jos:<\/p><ul><li><strong>Google Chrome<\/strong><\/li><li><strong>Firefox<\/strong><\/li><li><strong>Microsoft Edge<\/strong><\/li><li><strong>Safari<\/strong><\/li><\/ul><h3>2. UNDE SUNT FURNIZATE INFORMA\u021aIILE \u0218I CONSIM\u021a\u0102M\u00c2NTUL PENTRU GESTIONAREA MODULELOR COOKIE?<\/h3><p>Atunci c\u00e2nd vizita\u021bi site-ul nostru pentru prima dat\u0103, va ap\u0103rea o fereastr\u0103 pop-up \u00een partea de sus a ecranului \u0219i ve\u021bi putea alege ce cookie-uri accepta\u021bi.<\/p><p>Aceast\u0103 fereastr\u0103 de informa\u021bii con\u021bine, de asemenea, un link c\u0103tre aceast\u0103 Declara\u021bie privind cookie-urile.<\/p><h3>3. TIPURI DE MODULE COOKIE<\/h3><h4>3.1. Cookie-uri esen\u021biale<\/h4><p>Modulele cookie esen\u021biale ajut\u0103 la utilizarea mai u\u0219oar\u0103 a site-ului nostru web, permi\u021b\u00e2nd func\u021bii de baz\u0103 precum navigarea pe site \u0219i accesul la zonele securizate ale site-ului web. Site-ul web nu poate func\u021biona corect f\u0103r\u0103 aceste module cookie.<\/p><ul><li><strong>PHPSESSID<\/strong>: P\u0103streaz\u0103 starea sesiunii utilizatorului \u00eentre solicit\u0103rile paginii.<br \/><strong>Gateway<\/strong>: p\u00e2n\u0103 c\u00e2nd browserul este \u00eenchis<\/li><li><strong>CookieConsim\u021b\u0103m\u00e2nt<\/strong>: Stocheaz\u0103 declara\u021bia cookie a utilizatorului pe domeniul dat.<br \/><strong>Gateway<\/strong>: 1 an<\/li><li><strong>__cfduid<\/strong>: Serverul de con\u021binut Cloudflare identific\u0103 traficul web.<br \/><strong>Gateway<\/strong>: 1 an<\/li><li><strong>JSESSIONID<\/strong>: Atribuie un identificator unic, anonim fiec\u0103rei pagini deschise pentru a \u00eembun\u0103t\u0103\u021bi utilitatea site-ului.<br \/><strong>Gateway<\/strong>: p\u00e2n\u0103 c\u00e2nd browserul este \u00eenchis<\/li><\/ul><h4>3.2. Cookie-uri preferen\u021biale<\/h4><p>Cookie-urile preferen\u021biale ne permit s\u0103 re\u021binem informa\u021bii care modific\u0103 modul \u00een care un site web se comport\u0103 sau arat\u0103, cum ar fi limba preferat\u0103 sau regiunea \u00een care v\u0103 afla\u021bi.<\/p><h4>3.3. Cookie-uri \u00een scopuri statistice<\/h4><p>Prin colectarea \u0219i raportarea datelor \u00eentr-o form\u0103 anonim\u0103, cookie-urile statistice ajut\u0103 proprietarul site-ului web s\u0103 \u00een\u021beleag\u0103 modul \u00een care vizitatorii interac\u021bioneaz\u0103 cu site-ul web.<\/p><ul><li><strong>_ga<\/strong>: \u00cenregistreaz\u0103 un identificator unic care este utilizat pentru a genera date statistice anonime cu privire la utilizarea site-ului.<br \/><strong>Gateway<\/strong>: 2 ani<\/li><li><strong>_gid<\/strong>: \u00cenregistreaz\u0103 un identificator unic care este utilizat pentru a genera date statistice anonime cu privire la utilizarea site-ului.<br \/><strong>Gateway<\/strong>: 2 ani<\/li><li><strong>_gat<\/strong>: Google Analytics este utilizat pentru a controla frecven\u021ba interog\u0103rilor.<br \/><strong>Gateway<\/strong>: p\u00e2n\u0103 c\u00e2nd browserul este \u00eenchis<\/li><\/ul><h3>4. VERIFICAREA \u0218I DEZACTIVAREA SET\u0102RILOR COOKIE<\/h3><p>Browserele moderne v\u0103 permit s\u0103 modifica\u021bi set\u0103rile cookie-urilor. Unele browsere accept\u0103 automat cookie-urile \u00een mod implicit, dar aceast\u0103 setare poate fi modificat\u0103 pentru a \u00eempiedica vizitatorul s\u0103 le accepte automat \u00een viitor.<\/p><p>Dac\u0103 schimba\u021bi, browserul v\u0103 va oferi op\u021biunea de a seta cookie-ul de fiecare dat\u0103 c\u00e2nd schimba\u021bi.<\/p><p>Operatorul de date, operatorul <strong>Pannon Porto Ltd.<\/strong>, nu re\u021bine niciun identificator sau parol\u0103, chiar \u0219i atunci c\u00e2nd cookie-urile sunt activate. Chiar dac\u0103 accepta\u021bi modulele cookie, pute\u021bi utiliza site-ul \u00een deplin\u0103 siguran\u021b\u0103.<\/p><p>V\u0103 rug\u0103m s\u0103 re\u021bine\u021bi c\u0103, \u00eentruc\u00e2t modulele cookie sunt utilizate pentru a sprijini \u0219i a facilita utilizarea \u0219i procesele site-ului, nu putem garanta c\u0103 un vizitator va putea utiliza toate caracteristicile site-ului dac\u0103 modulele cookie sunt dezactivate.<\/p><p>Site-ul web poate func\u021biona diferit fa\u021b\u0103 de cum a fost prev\u0103zut \u00een browser.<\/p>\t\t\t\t\t\t<\/div>\n\t\t\t\t<\/div>\n\t\t\t\t<\/div>\n\t\t\t\t<\/div>\n\t\t\t\t<\/div>\n\t\t\t\t\t<\/div>\n\t\t\t\t<\/div>\n\t\t\t\t<\/div>","protected":false},"excerpt":{"rendered":"<p>Cookie t\u00e1j\u00e9koztat\u00f3 1. MIK AZOK A COOKIE-K (S\u00dcTIK), \u00c9S HOGYAN TUDOD M\u00d3DOS\u00cdTANI A BE\u00c1LL\u00cdT\u00c1SOKAT? A \u201ecookie\u201d-k (tov\u00e1bbiakban: \u201ecookie\u201d vagy \u201es\u00fcti\u201d) olyan kis sz\u00f6veges f\u00e1jlok, amelyeket egy weboldal felhaszn\u00e1lhat arra, hogy m\u00e9g hat\u00e9konyabb\u00e1 tegye a felhaszn\u00e1l\u00f3i \u00e9lm\u00e9nyt. N\u00e9h\u00e1ny s\u00fcti csak \u00e1tmeneti \u00e9s elt\u0171nik a b\u00f6ng\u00e9sz\u0151 bez\u00e1r\u00e1s\u00e1val, m\u00edg l\u00e9teznek tart\u00f3s v\u00e1ltozatok is, melyek huzamosabb ideig a l\u00e1togat\u00f3 [&hellip;]<\/p>","protected":false},"author":1,"featured_media":0,"parent":0,"menu_order":0,"comment_status":"closed","ping_status":"closed","template":"","meta":{"_seopress_robots_primary_cat":"","_seopress_titles_title":"","_seopress_titles_desc":"","_seopress_robots_index":"","footnotes":""},"class_list":["post-598","page","type-page","status-publish","hentry"],"_links":{"self":[{"href":"https:\/\/kamionpura.hu\/ro\/wp-json\/wp\/v2\/pages\/598"}],"collection":[{"href":"https:\/\/kamionpura.hu\/ro\/wp-json\/wp\/v2\/pages"}],"about":[{"href":"https:\/\/kamionpura.hu\/ro\/wp-json\/wp\/v2\/types\/page"}],"author":[{"embeddable":true,"href":"https:\/\/kamionpura.hu\/ro\/wp-json\/wp\/v2\/users\/1"}],"replies":[{"embeddable":true,"href":"https:\/\/kamionpura.hu\/ro\/wp-json\/wp\/v2\/comments?post=598"}],"version-history":[{"count":12,"href":"https:\/\/kamionpura.hu\/ro\/wp-json\/wp\/v2\/pages\/598\/revisions"}],"predecessor-version":[{"id":611,"href":"https:\/\/kamionpura.hu\/ro\/wp-json\/wp\/v2\/pages\/598\/revisions\/611"}],"wp:attachment":[{"href":"https:\/\/kamionpura.hu\/ro\/wp-json\/wp\/v2\/media?parent=598"}],"curies":[{"name":"wp","href":"https:\/\/api.w.org\/{rel}","templated":true}]}}