{"id":668,"date":"2025-02-13T12:32:18","date_gmt":"2025-02-13T10:32:18","guid":{"rendered":"https:\/\/kamionpura.hu\/?page_id=668"},"modified":"2025-02-13T12:34:58","modified_gmt":"2025-02-13T10:34:58","slug":"ertekeles-irasa","status":"publish","type":"page","link":"https:\/\/kamionpura.hu\/hu_hu\/ertekeles-irasa\/","title":{"rendered":"Google \u00e9rt\u00e9kel\u00e9s \u00edr\u00e1sa"},"content":{"rendered":"\t\t<div data-elementor-type=\"wp-page\" data-elementor-id=\"668\" class=\"elementor elementor-668\" data-elementor-post-type=\"page\">\n\t\t\t\t<div class=\"elementor-element elementor-element-dc84c46 e-flex e-con-boxed e-con e-parent\" data-id=\"dc84c46\" data-element_type=\"container\" data-settings=\"{&quot;jet_parallax_layout_list&quot;:[],&quot;background_background&quot;:&quot;classic&quot;}\">\n\t\t\t\t\t<div class=\"e-con-inner\">\n\t\t\t\t<div class=\"elementor-element elementor-element-cfd8985 elementor-widget elementor-widget-heading\" data-id=\"cfd8985\" data-element_type=\"widget\" data-widget_type=\"heading.default\">\n\t\t\t\t<div class=\"elementor-widget-container\">\n\t\t\t<h1 class=\"elementor-heading-title elementor-size-default\">GOOGLE \u00c9RT\u00c9KEL\u00c9S K\u00dcLD\u00c9SE<\/h1>\t\t<\/div>\n\t\t\t\t<\/div>\n\t\t\t\t<div class=\"elementor-element elementor-element-cd5c51f elementor-widget elementor-widget-text-editor\" data-id=\"cd5c51f\" data-element_type=\"widget\" data-widget_type=\"text-editor.default\">\n\t\t\t\t<div class=\"elementor-widget-container\">\n\t\t\t\t\t\t\t<p data-start=\"324\" data-end=\"550\">K\u00f6sz\u00f6nj\u00fck, hogy id\u0151t sz\u00e1nsz a KamionPura \u00e9rt\u00e9kel\u00e9s\u00e9re! Az al\u00e1bbi l\u00e9p\u00e9sekben bemutatjuk, hogyan hagyhatsz \u00e9rt\u00e9kel\u00e9st egyszer\u0171en a Google-on.<\/p>\t\t\t\t\t\t<\/div>\n\t\t\t\t<\/div>\n\t\t\t\t\t<\/div>\n\t\t\t\t<\/div>\n\t\t<div class=\"elementor-element elementor-element-8250f4f e-flex e-con-boxed e-con e-parent\" data-id=\"8250f4f\" data-element_type=\"container\" data-settings=\"{&quot;jet_parallax_layout_list&quot;:[]}\">\n\t\t\t\t\t<div class=\"e-con-inner\">\n\t\t<div class=\"elementor-element elementor-element-bdcbf14 e-con-full e-flex e-con e-child\" data-id=\"bdcbf14\" data-element_type=\"container\" data-settings=\"{&quot;background_background&quot;:&quot;classic&quot;,&quot;jet_parallax_layout_list&quot;:[]}\">\n\t\t\t\t<div class=\"elementor-element elementor-element-24ba813 elementor-widget elementor-widget-text-editor\" data-id=\"24ba813\" data-element_type=\"widget\" data-widget_type=\"text-editor.default\">\n\t\t\t\t<div class=\"elementor-widget-container\">\n\t\t\t\t\t\t\t<h2 data-start=\"1950\" data-end=\"1992\"><strong data-start=\"1953\" data-end=\"1990\">1. Menj a Google t\u00e9rk\u00e9pre<\/strong><\/h2><p data-start=\"1950\" data-end=\"1992\"><span style=\"font-size: 16px;\">\u00cdrd be a keres\u0151s\u00e1vba: <\/span><strong style=\"font-size: 16px;\" data-start=\"712\" data-end=\"742\">KamionPura Mosonmagyar\u00f3v\u00e1r <\/strong><span style=\"font-size: 16px;\">vagy <span style=\"text-decoration: underline;\">kattints a lenti z\u00f6ld gombra<\/span>.<\/span><\/p><p>A tal\u00e1latok k\u00f6z\u00f6tt keresd meg az \u00fczleti profilt, amely a jobb oldalon vagy a tal\u00e1latok k\u00f6z\u00f6tt jelenik meg.<\/p>\t\t\t\t\t\t<\/div>\n\t\t\t\t<\/div>\n\t\t\t\t<div class=\"elementor-element elementor-element-bc2b3e6 elementor-alert-warning elementor-widget elementor-widget-alert\" data-id=\"bc2b3e6\" data-element_type=\"widget\" data-widget_type=\"alert.default\">\n\t\t\t\t<div class=\"elementor-widget-container\">\n\t\t\t\t\t<div class=\"elementor-alert\" role=\"alert\">\n\n\t\t\t\t\t\t<span class=\"elementor-alert-title\">Fontos:<\/span>\n\t\t\t\n\t\t\t\t\t\t<span class=\"elementor-alert-description\">Az \u00e9rt\u00e9kel\u00e9s \u00edr\u00e1s\u00e1hoz be kell jelentkezned a Google fi\u00f3kodba. (\u00e1ltal\u00e1ban @gmail.com e-mail c\u00edmmel)<\/span>\n\t\t\t\n\t\t\t\t\t\t<button type=\"button\" class=\"elementor-alert-dismiss\">\n\t\t\t\t\t\t\t\t\t<span aria-hidden=\"true\">&times;<\/span>\n\t\t\t\t\t\t\t\t<span class=\"elementor-screen-only\">Dobja el ezt a riaszt\u00e1st.<\/span>\n\t\t\t<\/button>\n\t\t\t\n\t\t<\/div>\n\t\t\t\t<\/div>\n\t\t\t\t<\/div>\n\t\t\t\t<div class=\"elementor-element elementor-element-d10e5d5 elementor-align-justify elementor-widget elementor-widget-button\" data-id=\"d10e5d5\" data-element_type=\"widget\" data-widget_type=\"button.default\">\n\t\t\t\t<div class=\"elementor-widget-container\">\n\t\t\t\t\t\t\t<div class=\"elementor-button-wrapper\">\n\t\t\t\t\t<a class=\"elementor-button elementor-button-link elementor-size-sm\" href=\"https:\/\/kamionpura.hu\/velemeny\">\n\t\t\t\t\t\t<span class=\"elementor-button-content-wrapper\">\n\t\t\t\t\t\t<span class=\"elementor-button-icon\">\n\t\t\t\t<svg aria-hidden=\"true\" class=\"e-font-icon-svg e-fas-arrow-right\" viewBox=\"0 0 448 512\" xmlns=\"http:\/\/www.w3.org\/2000\/svg\"><path d=\"M190.5 66.9l22.2-22.2c9.4-9.4 24.6-9.4 33.9 0L441 239c9.4 9.4 9.4 24.6 0 33.9L246.6 467.3c-9.4 9.4-24.6 9.4-33.9 0l-22.2-22.2c-9.5-9.5-9.3-25 .4-34.3L311.4 296H24c-13.3 0-24-10.7-24-24v-32c0-13.3 10.7-24 24-24h287.4L190.9 101.2c-9.8-9.3-10-24.8-.4-34.3z\"><\/path><\/svg>\t\t\t<\/span>\n\t\t\t\t\t\t\t\t\t<span class=\"elementor-button-text\">Tov\u00e1bb az \u00e9rt\u00e9kel\u00e9shez<\/span>\n\t\t\t\t\t<\/span>\n\t\t\t\t\t<\/a>\n\t\t\t\t<\/div>\n\t\t\t\t\t\t<\/div>\n\t\t\t\t<\/div>\n\t\t\t\t<div class=\"elementor-element elementor-element-2e69f3f elementor-widget elementor-widget-text-editor\" data-id=\"2e69f3f\" data-element_type=\"widget\" data-widget_type=\"text-editor.default\">\n\t\t\t\t<div class=\"elementor-widget-container\">\n\t\t\t\t\t\t\t<p>vagy szkenneld be telefonod kamer\u00e1j\u00e1val a QR-k\u00f3dot:<\/p>\t\t\t\t\t\t<\/div>\n\t\t\t\t<\/div>\n\t\t\t\t<div class=\"elementor-element elementor-element-d7d89d1 elementor-widget elementor-widget-image\" data-id=\"d7d89d1\" data-element_type=\"widget\" data-widget_type=\"image.default\">\n\t\t\t\t<div class=\"elementor-widget-container\">\n\t\t\t\t\t\t\t\t\t\t\t\t\t<img alt=\"\" decoding=\"async\" width=\"185\" height=\"185\" src=\"https:\/\/kamionpura.hu\/wp-content\/uploads\/2025\/02\/tinywow_qr_code_75070569.png\" class=\"attachment-full size-full wp-image-663\" alt=\"\" srcset=\"https:\/\/kamionpura.hu\/wp-content\/uploads\/2025\/02\/tinywow_qr_code_75070569.png 185w, https:\/\/kamionpura.hu\/wp-content\/uploads\/2025\/02\/tinywow_qr_code_75070569-150x150.png 150w, https:\/\/kamionpura.hu\/wp-content\/uploads\/2025\/02\/tinywow_qr_code_75070569-12x12.png 12w\" sizes=\"(max-width: 185px) 100vw, 185px\" \/>\t\t\t\t\t\t\t\t\t\t\t\t\t<\/div>\n\t\t\t\t<\/div>\n\t\t\t\t<\/div>\n\t\t<div class=\"elementor-element elementor-element-19c3244 e-con-full e-flex e-con e-child\" data-id=\"19c3244\" data-element_type=\"container\" data-settings=\"{&quot;jet_parallax_layout_list&quot;:[]}\">\n\t\t\t\t<div class=\"elementor-element elementor-element-cfb0462 elementor-widget elementor-widget-video\" data-id=\"cfb0462\" data-element_type=\"widget\" data-settings=\"{&quot;video_type&quot;:&quot;hosted&quot;,&quot;autoplay&quot;:&quot;yes&quot;,&quot;loop&quot;:&quot;yes&quot;}\" data-widget_type=\"video.default\">\n\t\t\t\t<div class=\"elementor-widget-container\">\n\t\t\t\t\t<div class=\"e-hosted-video elementor-wrapper elementor-open-inline\">\n\t\t\t\t\t<video class=\"elementor-video\" src=\"https:\/\/kamionpura.hu\/wp-content\/uploads\/2025\/02\/ezgif-2a2ed039beb371.webm\" autoplay=\"\" loop=\"\" controlsList=\"nodownload\"><\/video>\n\t\t\t\t<\/div>\n\t\t\t\t<\/div>\n\t\t\t\t<\/div>\n\t\t\t\t<\/div>\n\t\t\t\t\t<\/div>\n\t\t\t\t<\/div>\n\t\t<div class=\"elementor-element elementor-element-803758f e-flex e-con-boxed e-con e-parent\" data-id=\"803758f\" data-element_type=\"container\" data-settings=\"{&quot;jet_parallax_layout_list&quot;:[]}\">\n\t\t\t\t\t<div class=\"e-con-inner\">\n\t\t<div class=\"elementor-element elementor-element-8f3d914 e-con-full e-flex e-con e-child\" data-id=\"8f3d914\" data-element_type=\"container\" data-settings=\"{&quot;jet_parallax_layout_list&quot;:[]}\">\n\t\t\t\t<div class=\"elementor-element elementor-element-21abf2e elementor-widget elementor-widget-image\" data-id=\"21abf2e\" data-element_type=\"widget\" data-widget_type=\"image.default\">\n\t\t\t\t<div class=\"elementor-widget-container\">\n\t\t\t\t\t\t\t\t\t\t\t\t\t<img alt=\"\" fetchpriority=\"high\" decoding=\"async\" width=\"760\" height=\"760\" src=\"https:\/\/kamionpura.hu\/wp-content\/uploads\/2025\/02\/ertekeles_utolso_lepes-1.png\" class=\"attachment-large size-large wp-image-664\" alt=\"\" srcset=\"https:\/\/kamionpura.hu\/wp-content\/uploads\/2025\/02\/ertekeles_utolso_lepes-1.png 760w, https:\/\/kamionpura.hu\/wp-content\/uploads\/2025\/02\/ertekeles_utolso_lepes-1-300x300.png 300w, https:\/\/kamionpura.hu\/wp-content\/uploads\/2025\/02\/ertekeles_utolso_lepes-1-150x150.png 150w, https:\/\/kamionpura.hu\/wp-content\/uploads\/2025\/02\/ertekeles_utolso_lepes-1-12x12.png 12w\" sizes=\"(max-width: 760px) 100vw, 760px\" \/>\t\t\t\t\t\t\t\t\t\t\t\t\t<\/div>\n\t\t\t\t<\/div>\n\t\t\t\t<\/div>\n\t\t<div class=\"elementor-element elementor-element-4cfefad e-con-full e-flex e-con e-child\" data-id=\"4cfefad\" data-element_type=\"container\" data-settings=\"{&quot;background_background&quot;:&quot;classic&quot;,&quot;jet_parallax_layout_list&quot;:[]}\">\n\t\t\t\t<div class=\"elementor-element elementor-element-f46f007 elementor-widget elementor-widget-text-editor\" data-id=\"f46f007\" data-element_type=\"widget\" data-widget_type=\"text-editor.default\">\n\t\t\t\t<div class=\"elementor-widget-container\">\n\t\t\t\t\t\t\t<h2 data-start=\"1950\" data-end=\"1992\"><strong data-start=\"1953\" data-end=\"1990\">2. Kattints a \u201eK\u00f6zz\u00e9t\u00e9tel\u201d gombra<\/strong><\/h2><ul data-start=\"1993\" data-end=\"2107\"><li data-start=\"1993\" data-end=\"2061\">Miut\u00e1n meg\u00edrtad a v\u00e9lem\u00e9nyt, kattints a <strong data-start=\"2035\" data-end=\"2051\">\u201eK\u00f6zz\u00e9t\u00e9tel\u201d<\/strong> gombra.<\/li><li data-start=\"2062\" data-end=\"2107\">Ezzel sikeresen hozz\u00e1adtad \u00e9rt\u00e9kel\u00e9sedet! K\u00f6sz\u00f6nj\u00fck!<\/li><\/ul>\t\t\t\t\t\t<\/div>\n\t\t\t\t<\/div>\n\t\t\t\t<\/div>\n\t\t\t\t\t<\/div>\n\t\t\t\t<\/div>\n\t\t\t\t<\/div>\n\t\t","protected":false},"excerpt":{"rendered":"<p>GOOGLE \u00c9RT\u00c9KEL\u00c9S K\u00dcLD\u00c9SE K\u00f6sz\u00f6nj\u00fck, hogy id\u0151t sz\u00e1nsz a KamionPura \u00e9rt\u00e9kel\u00e9s\u00e9re! Az al\u00e1bbi l\u00e9p\u00e9sekben bemutatjuk, hogyan hagyhatsz \u00e9rt\u00e9kel\u00e9st egyszer\u0171en a Google-on. 1. Menj a Google t\u00e9rk\u00e9pre \u00cdrd be a keres\u0151s\u00e1vba: KamionPura Mosonmagyar\u00f3v\u00e1r vagy kattints a lenti z\u00f6ld gombra. A tal\u00e1latok k\u00f6z\u00f6tt keresd meg az \u00fczleti profilt, amely a jobb oldalon vagy a tal\u00e1latok k\u00f6z\u00f6tt jelenik meg. [&hellip;]<\/p>\n","protected":false},"author":1,"featured_media":0,"parent":0,"menu_order":0,"comment_status":"closed","ping_status":"closed","template":"","meta":{"_seopress_robots_primary_cat":"","_seopress_titles_title":"","_seopress_titles_desc":"","_seopress_robots_index":"yes","footnotes":""},"class_list":["post-668","page","type-page","status-publish","hentry"],"_links":{"self":[{"href":"https:\/\/kamionpura.hu\/hu_hu\/wp-json\/wp\/v2\/pages\/668"}],"collection":[{"href":"https:\/\/kamionpura.hu\/hu_hu\/wp-json\/wp\/v2\/pages"}],"about":[{"href":"https:\/\/kamionpura.hu\/hu_hu\/wp-json\/wp\/v2\/types\/page"}],"author":[{"embeddable":true,"href":"https:\/\/kamionpura.hu\/hu_hu\/wp-json\/wp\/v2\/users\/1"}],"replies":[{"embeddable":true,"href":"https:\/\/kamionpura.hu\/hu_hu\/wp-json\/wp\/v2\/comments?post=668"}],"version-history":[{"count":6,"href":"https:\/\/kamionpura.hu\/hu_hu\/wp-json\/wp\/v2\/pages\/668\/revisions"}],"predecessor-version":[{"id":678,"href":"https:\/\/kamionpura.hu\/hu_hu\/wp-json\/wp\/v2\/pages\/668\/revisions\/678"}],"wp:attachment":[{"href":"https:\/\/kamionpura.hu\/hu_hu\/wp-json\/wp\/v2\/media?parent=668"}],"curies":[{"name":"wp","href":"https:\/\/api.w.org\/{rel}","templated":true}]}}