{"id":598,"date":"2025-01-02T15:11:49","date_gmt":"2025-01-02T13:11:49","guid":{"rendered":"https:\/\/kamionpura.hu\/?page_id=598"},"modified":"2025-01-02T15:29:50","modified_gmt":"2025-01-02T13:29:50","slug":"cookie-tajekoztato","status":"publish","type":"page","link":"https:\/\/kamionpura.hu\/hu_hu\/cookie-tajekoztato\/","title":{"rendered":"Cookie T\u00e1j\u00e9koztat\u00f3"},"content":{"rendered":"\t\t<div data-elementor-type=\"wp-page\" data-elementor-id=\"598\" class=\"elementor elementor-598\" data-elementor-post-type=\"page\">\n\t\t\t\t<div class=\"elementor-element elementor-element-dc84c46 e-flex e-con-boxed e-con e-parent\" data-id=\"dc84c46\" data-element_type=\"container\" data-settings=\"{&quot;jet_parallax_layout_list&quot;:[],&quot;background_background&quot;:&quot;classic&quot;}\">\n\t\t\t\t\t<div class=\"e-con-inner\">\n\t\t\t\t<div class=\"elementor-element elementor-element-cfd8985 elementor-widget elementor-widget-heading\" data-id=\"cfd8985\" data-element_type=\"widget\" data-widget_type=\"heading.default\">\n\t\t\t\t<div class=\"elementor-widget-container\">\n\t\t\t<h1 class=\"elementor-heading-title elementor-size-default\">Cookie t\u00e1j\u00e9koztat\u00f3<\/h1>\t\t<\/div>\n\t\t\t\t<\/div>\n\t\t\t\t\t<\/div>\n\t\t\t\t<\/div>\n\t\t<div class=\"elementor-element elementor-element-a0fc372 e-flex e-con-boxed e-con e-parent\" data-id=\"a0fc372\" data-element_type=\"container\" data-settings=\"{&quot;jet_parallax_layout_list&quot;:[]}\">\n\t\t\t\t\t<div class=\"e-con-inner\">\n\t\t<div class=\"elementor-element elementor-element-dc1e6de e-con-full e-flex e-con e-child\" data-id=\"dc1e6de\" data-element_type=\"container\" data-settings=\"{&quot;jet_parallax_layout_list&quot;:[]}\">\n\t\t<div class=\"elementor-element elementor-element-8266935 e-con-full e-flex e-con e-child\" data-id=\"8266935\" data-element_type=\"container\" data-settings=\"{&quot;jet_parallax_layout_list&quot;:[]}\">\n\t\t<div class=\"elementor-element elementor-element-b8d5b50 e-con-full tehergepkocsi e-flex e-con e-child\" data-id=\"b8d5b50\" data-element_type=\"container\" id=\"tehergepkocsi\" data-settings=\"{&quot;jet_parallax_layout_list&quot;:[]}\">\n\t\t\t\t<div class=\"elementor-element elementor-element-cd5c51f elementor-widget elementor-widget-text-editor\" data-id=\"cd5c51f\" data-element_type=\"widget\" data-widget_type=\"text-editor.default\">\n\t\t\t\t<div class=\"elementor-widget-container\">\n\t\t\t\t\t\t\t<h3>1. MIK AZOK A COOKIE-K (S\u00dcTIK), \u00c9S HOGYAN TUDOD M\u00d3DOS\u00cdTANI A BE\u00c1LL\u00cdT\u00c1SOKAT?<\/h3><p>A \u201ecookie\u201d-k (tov\u00e1bbiakban: \u201ecookie\u201d vagy \u201es\u00fcti\u201d) olyan kis sz\u00f6veges f\u00e1jlok, amelyeket egy weboldal felhaszn\u00e1lhat arra, hogy m\u00e9g hat\u00e9konyabb\u00e1 tegye a felhaszn\u00e1l\u00f3i \u00e9lm\u00e9nyt.<\/p><p>N\u00e9h\u00e1ny s\u00fcti csak \u00e1tmeneti \u00e9s elt\u0171nik a b\u00f6ng\u00e9sz\u0151 bez\u00e1r\u00e1s\u00e1val, m\u00edg l\u00e9teznek tart\u00f3s v\u00e1ltozatok is, melyek huzamosabb ideig a l\u00e1togat\u00f3 eszk\u00f6z\u00e9n maradnak. A jogszab\u00e1lyok szerint a s\u00fctiket abban az esetben t\u00e1rolhatjuk a l\u00e1togat\u00f3 eszk\u00f6z\u00e9n, ha erre felt\u00e9tlen\u00fcl sz\u00fcks\u00e9g van a weboldalunk m\u0171k\u00f6d\u00e9se \u00e9rdek\u00e9ben.<\/p><p>Minden egy\u00e9b t\u00edpus\u00fa s\u00fcti haszn\u00e1lat\u00e1hoz a l\u00e1togat\u00f3 enged\u00e9ly\u00e9re van sz\u00fcks\u00e9g\u00fcnk. Jelen weboldal k\u00fcl\u00f6nf\u00e9le s\u00fctiket haszn\u00e1l. A weboldalon megjelen\u0151 n\u00e9h\u00e1ny s\u00fctit harmadik f\u00e9l szolg\u00e1ltat\u00f3ink helyezik el.<\/p><p>A b\u00f6ng\u00e9sz\u0151k lehet\u0151s\u00e9get adnak a s\u00fcti-be\u00e1ll\u00edt\u00e1sok megv\u00e1ltoztat\u00e1s\u00e1ra. A legt\u00f6bb b\u00f6ng\u00e9sz\u0151 alap\u00e9rtelmezettk\u00e9nt automatikusan elfogadja a s\u00fctiket, de ez megv\u00e1ltoztathat\u00f3 annak \u00e9rdek\u00e9ben, hogy a be\u00e1ll\u00edt\u00e1st k\u00f6vet\u0151en megakad\u00e1lyozza az automatikus elfogad\u00e1st.<\/p><p>Ha t\u00f6bbet szeretn\u00e9l megtudni a b\u00f6ng\u00e9sz\u0151 be\u00e1ll\u00edt\u00e1sainak m\u00f3dos\u00edt\u00e1s\u00e1r\u00f3l, n\u00e9zd \u00e1t a b\u00f6ng\u00e9sz\u0151 utas\u00edt\u00e1sait vagy s\u00fag\u00f3j\u00e1t. A legn\u00e9pszer\u0171bb b\u00f6ng\u00e9sz\u0151k s\u00fcti-be\u00e1ll\u00edt\u00e1sair\u00f3l az al\u00e1bbi linkeken t\u00e1j\u00e9koz\u00f3dhatsz:<\/p><ul><li><strong>Google Chrome<\/strong><\/li><li><strong>Firefox<\/strong><\/li><li><strong>Microsoft Edge<\/strong><\/li><li><strong>Safari<\/strong><\/li><\/ul><h3>2. HOL T\u00d6RT\u00c9NIK MEG T\u00c1J\u00c9KOZTAT\u00c1S \u00c9S A HOZZ\u00c1J\u00c1RUL\u00c1S A S\u00dcTIKEZEL\u00c9SSEL KAPCSOLATBAN?<\/h3><p>Amikor a honlapunkat els\u0151 alkalommal l\u00e1togatod meg, akkor egy pop-up (felugr\u00f3) ablak jelenik meg a k\u00e9perny\u0151 tetej\u00e9n, \u00e9s meg tudod hat\u00e1rozni azt, hogy mely s\u00fctikhez adod a hozz\u00e1j\u00e1rul\u00e1sod.<\/p><p>Ezen t\u00e1j\u00e9koztat\u00f3 ablak tartalmaz egy linket ehhez a Cookie Nyilatkozathoz is.<\/p><h3>3. S\u00dcTIK T\u00cdPUSAI<\/h3><h4>3.1. Elengedhetetlen\u00fcl sz\u00fcks\u00e9ges s\u00fctik<\/h4><p>Az elengedhetetlen s\u00fctik weboldalunk haszn\u00e1lhat\u00f3s\u00e1g\u00e1t seg\u00edtik az\u00e1ltal, hogy enged\u00e9lyeznek olyan alapvet\u0151 funkci\u00f3kat, mint az oldalon val\u00f3 navig\u00e1ci\u00f3 \u00e9s a weboldal biztons\u00e1gos ter\u00fcleteihez val\u00f3 hozz\u00e1f\u00e9r\u00e9s. A weboldal ezen s\u00fctik n\u00e9lk\u00fcl nem tud megfelel\u0151en m\u0171k\u00f6dni.<\/p><ul><li><strong>PHPSESSID<\/strong>: A felhaszn\u00e1l\u00f3i munkamenet \u00e1llapot\u00e1t meg\u0151rzi az oldalk\u00e9r\u00e9sek k\u00f6z\u00f6tt.<br \/><strong>Lej\u00e1rat<\/strong>: A b\u00f6ng\u00e9sz\u0151 bez\u00e1r\u00e1s\u00e1ig<\/li><li><strong>CookieConsent<\/strong>: Elt\u00e1rolja a felhaszn\u00e1l\u00f3 s\u00fctikezel\u00e9si nyilatkozat\u00e1t az adott domain-en.<br \/><strong>Lej\u00e1rat<\/strong>: 1 \u00e9v<\/li><li><strong>__cfduid<\/strong>: A Cloudflare tartalomkiszolg\u00e1l\u00f3 azonos\u00edtja az internetes forgalmat.<br \/><strong>Lej\u00e1rat<\/strong>: 1 \u00e9v<\/li><li><strong>JSESSIONID<\/strong>: Egyedi, anonim azonos\u00edt\u00f3t rendel minden oldalmegnyit\u00e1shoz az oldal haszn\u00e1lhat\u00f3s\u00e1g\u00e1nak jav\u00edt\u00e1sa \u00e9rdek\u00e9ben.<br \/><strong>Lej\u00e1rat<\/strong>: A b\u00f6ng\u00e9sz\u0151 bez\u00e1r\u00e1s\u00e1ig<\/li><\/ul><h4>3.2. Preferenci\u00e1lis s\u00fctik<\/h4><p>A preferenci\u00e1lis s\u00fctik haszn\u00e1lat\u00e1val olyan inform\u00e1ci\u00f3kat tudunk megjegyezni, amelyek megv\u00e1ltoztatj\u00e1k a weboldal bizonyos magatart\u00e1s\u00e1t, illetve kin\u00e9zet\u00e9t, p\u00e9ld\u00e1ul az \u00e1ltalad el\u0151nyben r\u00e9szes\u00edtett nyelvet vagy a r\u00e9gi\u00f3t, amelyben tart\u00f3zkodsz.<\/p><h4>3.3. Statisztikai c\u00e9l\u00fa s\u00fctik<\/h4><p>Az adatok n\u00e9vtelen form\u00e1ban val\u00f3 gy\u0171jt\u00e9s\u00e9n \u00e9s jelent\u00e9s\u00e9n kereszt\u00fcl a statisztikai s\u00fctik seg\u00edtenek a weboldal tulajdonos\u00e1nak abban, hogy meg\u00e9rtse, hogyan l\u00e9pnek interakci\u00f3ba a l\u00e1togat\u00f3k a weboldallal.<\/p><ul><li><strong>_ga<\/strong>: Egyedi azonos\u00edt\u00f3t r\u00f6gz\u00edt, amely seg\u00edts\u00e9g\u00e9vel anonim statisztikai adatokat k\u00e9sz\u00edt a weboldal haszn\u00e1lat\u00e1val kapcsolatban.<br \/><strong>Lej\u00e1rat<\/strong>: 2 \u00e9v<\/li><li><strong>_gid<\/strong>: Egyedi azonos\u00edt\u00f3t r\u00f6gz\u00edt, amely seg\u00edts\u00e9g\u00e9vel anonim statisztikai adatokat k\u00e9sz\u00edt a weboldal haszn\u00e1lat\u00e1val kapcsolatban.<br \/><strong>Lej\u00e1rat<\/strong>: 2 \u00e9v<\/li><li><strong>_gat<\/strong>: A Google Analytics haszn\u00e1lja a lek\u00e9r\u00e9sek gyakoris\u00e1g\u00e1nak szab\u00e1lyoz\u00e1s\u00e1hoz.<br \/><strong>Lej\u00e1rat<\/strong>: A b\u00f6ng\u00e9sz\u0151 bez\u00e1r\u00e1s\u00e1ig<\/li><\/ul><h3>4. A S\u00dcTIK BE\u00c1LL\u00cdT\u00c1SAINAK ELLEN\u0150RZ\u00c9SE \u00c9S LETILT\u00c1SA<\/h3><p>A modern b\u00f6ng\u00e9sz\u0151k enged\u00e9lyezik a s\u00fcti be\u00e1ll\u00edt\u00e1sok m\u00f3dos\u00edt\u00e1s\u00e1t. A b\u00f6ng\u00e9sz\u0151k egy r\u00e9sze alap\u00e9rtelmezettk\u00e9nt automatikusan elfogadja a s\u00fctiket, de ez a be\u00e1ll\u00edt\u00e1s is megv\u00e1ltoztathat\u00f3 annak \u00e9rdek\u00e9ben, hogy a j\u00f6v\u0151ben megakad\u00e1lyozza a l\u00e1togat\u00f3 az automatikus elfogad\u00e1st.<\/p><p>\u00c1t\u00e1ll\u00edt\u00e1s eset\u00e9n a b\u00f6ng\u00e9sz\u0151 a tov\u00e1bbiakban minden alkalommal felaj\u00e1nlja a s\u00fcti be\u00e1ll\u00edt\u00e1s\u00e1nak v\u00e1laszt\u00e1si lehet\u0151s\u00e9g\u00e9t.<\/p><p>Az Adatkezel\u0151, a <strong>Pannon Porto Kft.<\/strong>, a s\u00fctik enged\u00e9lyez\u00e9se eset\u00e9n sem jegyez meg semmilyen azonos\u00edt\u00f3t vagy jelsz\u00f3t. A l\u00e1togat\u00f3 a s\u00fctik elfogad\u00e1sa eset\u00e9n is teljes biztons\u00e1gban haszn\u00e1lhatja a weboldalt.<\/p><p>Felh\u00edvjuk l\u00e1togat\u00f3ink figyelm\u00e9t, hogy mivel a s\u00fctik c\u00e9lja a weboldal haszn\u00e1lhat\u00f3s\u00e1g\u00e1nak \u00e9s folyamatainak t\u00e1mogat\u00e1sa, valamint megk\u00f6nny\u00edt\u00e9se, a s\u00fctik letilt\u00e1sa eset\u00e9n nem tudjuk garant\u00e1lni, hogy a l\u00e1togat\u00f3 k\u00e9pes lesz a weboldal valamennyi funkci\u00f3j\u00e1nak teljes k\u00f6r\u0171 haszn\u00e1lat\u00e1ra.<\/p><p>A weboldal ez esetben a tervezett\u0151l elt\u00e9r\u0151en m\u0171k\u00f6dhet a b\u00f6ng\u00e9sz\u0151ben.<\/p>\t\t\t\t\t\t<\/div>\n\t\t\t\t<\/div>\n\t\t\t\t<\/div>\n\t\t\t\t<\/div>\n\t\t\t\t<\/div>\n\t\t\t\t\t<\/div>\n\t\t\t\t<\/div>\n\t\t\t\t<\/div>\n\t\t","protected":false},"excerpt":{"rendered":"<p>Cookie t\u00e1j\u00e9koztat\u00f3 1. MIK AZOK A COOKIE-K (S\u00dcTIK), \u00c9S HOGYAN TUDOD M\u00d3DOS\u00cdTANI A BE\u00c1LL\u00cdT\u00c1SOKAT? A \u201ecookie\u201d-k (tov\u00e1bbiakban: \u201ecookie\u201d vagy \u201es\u00fcti\u201d) olyan kis sz\u00f6veges f\u00e1jlok, amelyeket egy weboldal felhaszn\u00e1lhat arra, hogy m\u00e9g hat\u00e9konyabb\u00e1 tegye a felhaszn\u00e1l\u00f3i \u00e9lm\u00e9nyt. N\u00e9h\u00e1ny s\u00fcti csak \u00e1tmeneti \u00e9s elt\u0171nik a b\u00f6ng\u00e9sz\u0151 bez\u00e1r\u00e1s\u00e1val, m\u00edg l\u00e9teznek tart\u00f3s v\u00e1ltozatok is, melyek huzamosabb ideig a l\u00e1togat\u00f3 [&hellip;]<\/p>\n","protected":false},"author":1,"featured_media":0,"parent":0,"menu_order":0,"comment_status":"closed","ping_status":"closed","template":"","meta":{"_seopress_robots_primary_cat":"","_seopress_titles_title":"","_seopress_titles_desc":"","_seopress_robots_index":"","footnotes":""},"class_list":["post-598","page","type-page","status-publish","hentry"],"_links":{"self":[{"href":"https:\/\/kamionpura.hu\/hu_hu\/wp-json\/wp\/v2\/pages\/598"}],"collection":[{"href":"https:\/\/kamionpura.hu\/hu_hu\/wp-json\/wp\/v2\/pages"}],"about":[{"href":"https:\/\/kamionpura.hu\/hu_hu\/wp-json\/wp\/v2\/types\/page"}],"author":[{"embeddable":true,"href":"https:\/\/kamionpura.hu\/hu_hu\/wp-json\/wp\/v2\/users\/1"}],"replies":[{"embeddable":true,"href":"https:\/\/kamionpura.hu\/hu_hu\/wp-json\/wp\/v2\/comments?post=598"}],"version-history":[{"count":12,"href":"https:\/\/kamionpura.hu\/hu_hu\/wp-json\/wp\/v2\/pages\/598\/revisions"}],"predecessor-version":[{"id":611,"href":"https:\/\/kamionpura.hu\/hu_hu\/wp-json\/wp\/v2\/pages\/598\/revisions\/611"}],"wp:attachment":[{"href":"https:\/\/kamionpura.hu\/hu_hu\/wp-json\/wp\/v2\/media?parent=598"}],"curies":[{"name":"wp","href":"https:\/\/api.w.org\/{rel}","templated":true}]}}