{"id":589,"date":"2025-01-02T14:36:23","date_gmt":"2025-01-02T12:36:23","guid":{"rendered":"https:\/\/kamionpura.hu\/?page_id=589"},"modified":"2025-02-13T12:31:36","modified_gmt":"2025-02-13T10:31:36","slug":"impresszum-2","status":"publish","type":"page","link":"https:\/\/kamionpura.hu\/en\/impresszum-2\/","title":{"rendered":"masthead"},"content":{"rendered":"<div data-elementor-type=\"wp-page\" data-elementor-id=\"589\" class=\"elementor elementor-589\" data-elementor-post-type=\"page\">\n\t\t\t\t<div class=\"elementor-element elementor-element-dc84c46 e-flex e-con-boxed e-con e-parent\" data-id=\"dc84c46\" data-element_type=\"container\" data-settings=\"{&quot;jet_parallax_layout_list&quot;:[],&quot;background_background&quot;:&quot;classic&quot;}\">\n\t\t\t\t\t<div class=\"e-con-inner\">\n\t\t\t\t<div class=\"elementor-element elementor-element-cfd8985 elementor-widget elementor-widget-heading\" data-id=\"cfd8985\" data-element_type=\"widget\" data-widget_type=\"heading.default\">\n\t\t\t\t<div class=\"elementor-widget-container\">\n\t\t\t<h1 class=\"elementor-heading-title elementor-size-default\">masthead<\/h1>\t\t<\/div>\n\t\t\t\t<\/div>\n\t\t\t\t\t<\/div>\n\t\t\t\t<\/div>\n\t\t<div class=\"elementor-element elementor-element-a0fc372 e-flex e-con-boxed e-con e-parent\" data-id=\"a0fc372\" data-element_type=\"container\" data-settings=\"{&quot;jet_parallax_layout_list&quot;:[]}\">\n\t\t\t\t\t<div class=\"e-con-inner\">\n\t\t<div class=\"elementor-element elementor-element-dc1e6de e-con-full e-flex e-con e-child\" data-id=\"dc1e6de\" data-element_type=\"container\" data-settings=\"{&quot;jet_parallax_layout_list&quot;:[]}\">\n\t\t<div class=\"elementor-element elementor-element-8266935 e-con-full e-flex e-con e-child\" data-id=\"8266935\" data-element_type=\"container\" data-settings=\"{&quot;jet_parallax_layout_list&quot;:[]}\">\n\t\t<div class=\"elementor-element elementor-element-b8d5b50 e-con-full tehergepkocsi e-flex e-con e-child\" data-id=\"b8d5b50\" data-element_type=\"container\" id=\"tehergepkocsi\" data-settings=\"{&quot;jet_parallax_layout_list&quot;:[]}\">\n\t\t\t\t<div class=\"elementor-element elementor-element-cd5c51f elementor-widget elementor-widget-text-editor\" data-id=\"cd5c51f\" data-element_type=\"widget\" data-widget_type=\"text-editor.default\">\n\t\t\t\t<div class=\"elementor-widget-container\">\n\t\t\t\t\t\t\t<p>Operated by Pannon Porto Kft.<\/p><p>Registered office: 9200 Mosonmagyar\u00f3v\u00e1r, B\u00e1stya utca 14.<\/p><p>Tax number: 12755374-2-08<\/p><p>Company registration number: 0809010025<\/p><p>Hosting provider: Sybell Informatika Kft.<\/p><p>Registered office: 1158 Budapest, K\u00e9sm\u00e1rk utca 7\/B 2. floor 206.<\/p><p>Tax number: 25859502-2-42<\/p><p>Company registration number: 0109293034<\/p><p>The content on this site, including prices, service descriptions and other information, is for information purposes only. Every effort is made to ensure that the information is accurate and up to date, however, errors or inaccuracies may occur. Any resulting damage The content on this site, including prices, service descriptions and other information, is for information purposes only. Every effort is made to ensure that the information is accurate and up to date, but errors or inaccuracies may occur. No liability is accepted for any damages that may result.<\/p>\t\t\t\t\t\t<\/div>\n\t\t\t\t<\/div>\n\t\t\t\t<\/div>\n\t\t\t\t<\/div>\n\t\t\t\t<\/div>\n\t\t\t\t\t<\/div>\n\t\t\t\t<\/div>\n\t\t\t\t<\/div>","protected":false},"excerpt":{"rendered":"<p>Impresszum \u00dczemeltet\u0151: Pannon Porto Kft. Sz\u00e9khely: 9200 Mosonmagyar\u00f3v\u00e1r, B\u00e1stya utca 14. Ad\u00f3sz\u00e1m: 12755374-2-08 C\u00e9gjegyz\u00e9ksz\u00e1m: 0809010025 T\u00e1rhelyszolg\u00e1ltat\u00f3: Sybell Informatika Kft. Sz\u00e9helye: 1158 Budapest, K\u00e9sm\u00e1rk utca 7\/B 2. em. 206. Ad\u00f3sz\u00e1m: 25859502-2-42 C\u00e9gjegyz\u00e9ksz\u00e1m: 0109293034 Az oldalon tal\u00e1lhat\u00f3 tartalmak, bele\u00e9rtve az \u00e1rakat, szolg\u00e1ltat\u00e1sle\u00edr\u00e1sokat \u00e9s egy\u00e9b inform\u00e1ci\u00f3kat, kiz\u00e1r\u00f3lag t\u00e1j\u00e9koztat\u00f3 jelleg\u0171ek. Mindent megtesz\u00fcnk az adatok pontoss\u00e1g\u00e1\u00e9rt \u00e9s frissess\u00e9g\u00e9\u00e9rt, azonban el\u0151fordulhatnak [&hellip;]<\/p>","protected":false},"author":1,"featured_media":0,"parent":0,"menu_order":0,"comment_status":"closed","ping_status":"closed","template":"","meta":{"_seopress_robots_primary_cat":"","_seopress_titles_title":"","_seopress_titles_desc":"","_seopress_robots_index":"","footnotes":""},"class_list":["post-589","page","type-page","status-publish","hentry"],"_links":{"self":[{"href":"https:\/\/kamionpura.hu\/en\/wp-json\/wp\/v2\/pages\/589"}],"collection":[{"href":"https:\/\/kamionpura.hu\/en\/wp-json\/wp\/v2\/pages"}],"about":[{"href":"https:\/\/kamionpura.hu\/en\/wp-json\/wp\/v2\/types\/page"}],"author":[{"embeddable":true,"href":"https:\/\/kamionpura.hu\/en\/wp-json\/wp\/v2\/users\/1"}],"replies":[{"embeddable":true,"href":"https:\/\/kamionpura.hu\/en\/wp-json\/wp\/v2\/comments?post=589"}],"version-history":[{"count":10,"href":"https:\/\/kamionpura.hu\/en\/wp-json\/wp\/v2\/pages\/589\/revisions"}],"predecessor-version":[{"id":672,"href":"https:\/\/kamionpura.hu\/en\/wp-json\/wp\/v2\/pages\/589\/revisions\/672"}],"wp:attachment":[{"href":"https:\/\/kamionpura.hu\/en\/wp-json\/wp\/v2\/media?parent=589"}],"curies":[{"name":"wp","href":"https:\/\/api.w.org\/{rel}","templated":true}]}}